{"id":2445,"date":"2022-01-20T15:08:37","date_gmt":"2022-01-20T15:08:37","guid":{"rendered":"https:\/\/www.hike.ch\/?page_id=2445"},"modified":"2022-01-20T15:10:24","modified_gmt":"2022-01-20T15:10:24","slug":"level-of-difficulty","status":"publish","type":"page","link":"https:\/\/www.hike.ch\/en\/level-of-difficulty\/","title":{"rendered":"Level of difficulty"},"content":{"rendered":"\n<style type=\"text\/css\" data-created_by=\"avia_inline_auto\" id=\"style-css-av-59290v-0c00d0846e81be7679a723c4762b278e\">\n.flex_column.av-59290v-0c00d0846e81be7679a723c4762b278e{\nborder-radius:0px 0px 0px 0px;\npadding:0px 0px 0px 0px;\n}\n<\/style>\n<div class='flex_column av-59290v-0c00d0846e81be7679a723c4762b278e av_one_full avia-builder-el-0 avia-builder-el-no-sibling first flex_column_div av-zero-column-padding ' ><p>\n<style type=\"text\/css\" data-created_by=\"avia_inline_auto\" id=\"style-css-av-1f0wqlb-4ccec3c96f89e70f9e018fe8ac1191df\">\n#top .av-special-heading.av-1f0wqlb-4ccec3c96f89e70f9e018fe8ac1191df{\npadding-bottom:10px;\n}\nbody .av-special-heading.av-1f0wqlb-4ccec3c96f89e70f9e018fe8ac1191df .av-special-heading-tag .heading-char{\nfont-size:25px;\n}\n.av-special-heading.av-1f0wqlb-4ccec3c96f89e70f9e018fe8ac1191df .av-subheading{\nfont-size:15px;\n}\n<\/style>\n<div id='6895322f3463014b59d4e24aba9d5f3a' class='av-special-heading av-1f0wqlb-4ccec3c96f89e70f9e018fe8ac1191df av-special-heading-h1 blockquote modern-quote modern-centered avia-builder-el-1 el_before_av_hr avia-builder-el-first '><h1 class='av-special-heading-tag ' >Level of difficulty<\/h1><div class=\"special-heading-border\"><div class=\"special-heading-inner-border\"><\/div><\/div><\/div><br \/>\n\n<style type=\"text\/css\" data-created_by=\"avia_inline_auto\" id=\"style-css-av-5xp6mu-eadb98d92ac2ba9cf595600852369a9a\">\n#top .hr.av-5xp6mu-eadb98d92ac2ba9cf595600852369a9a{\nmargin-top:25px;\nmargin-bottom:30px;\n}\n.hr.av-5xp6mu-eadb98d92ac2ba9cf595600852369a9a .hr-inner{\nwidth:150px;\nborder-color:#673b15;\nmax-width:45%;\n}\n.hr.av-5xp6mu-eadb98d92ac2ba9cf595600852369a9a .av-seperator-icon{\ncolor:#673b15;\n}\n.hr.av-5xp6mu-eadb98d92ac2ba9cf595600852369a9a .av-seperator-icon.avia-svg-icon svg:first-child{\nfill:#673b15;\nstroke:#673b15;\n}\n<\/style>\n<div class='hr av-5xp6mu-eadb98d92ac2ba9cf595600852369a9a hr-custom avia-builder-el-2 el_after_av_heading el_before_av_heading hr-center hr-icon-yes'><span class='hr-inner inner-border-av-border-fat'><span class=\"hr-inner-style\"><\/span><\/span><span class='av-seperator-icon avia-iconfont avia-font-flaticon' data-av_icon='\uf107' data-av_iconfont='flaticon' ><\/span><span class='hr-inner inner-border-av-border-fat'><span class=\"hr-inner-style\"><\/span><\/span><\/div><br \/>\n\n<style type=\"text\/css\" data-created_by=\"avia_inline_auto\" id=\"style-css-av-kyn165zh-42799d8cd670e2fe17cbc2e149b42102\">\n#top .av-special-heading.av-kyn165zh-42799d8cd670e2fe17cbc2e149b42102{\npadding-bottom:10px;\n}\nbody .av-special-heading.av-kyn165zh-42799d8cd670e2fe17cbc2e149b42102 .av-special-heading-tag .heading-char{\nfont-size:25px;\n}\n.av-special-heading.av-kyn165zh-42799d8cd670e2fe17cbc2e149b42102 .av-subheading{\nfont-size:15px;\n}\n<\/style>\n<div id='24e63a184f93506c5e40499e8230ced3' class='av-special-heading av-kyn165zh-42799d8cd670e2fe17cbc2e149b42102 av-special-heading-h2 blockquote modern-quote avia-builder-el-3 el_after_av_hr el_before_av_table '><h2 class='av-special-heading-tag ' >Summer<\/h2><div class=\"special-heading-border\"><div class=\"special-heading-inner-border\"><\/div><\/div><\/div><br \/>\n<div class='avia-data-table-wrap av-1di658f-4bb2c1b55d909f4abc6d2b984a860252 avia_responsive_table avia-table-1'><table class='avia-table avia-data-table avia_pricing_default avia-builder-el-4 el_after_av_heading el_before_av_textblock ' ><tbody><tr class='avia-heading-row'><th class=''><\/p>\n<p style=\"text-align: left;\"><strong>Step<\/strong><\/p>\n<p><\/th><th class=''><\/p>\n<p style=\"text-align: left;\"><strong>Example<\/strong><\/p>\n<p><\/th><\/tr><tr class=''><td class=''><\/p>\n<h4 style=\"text-align: left;\"><strong>T1<\/strong><\/h4>\n<p style=\"text-align: left;\">easy terrain with sneakers<\/p>\n<p><\/td><td class=''><\/p>\n<ul>\n<li style=\"text-align: left;\">M\u00e4nnlichen - Kleine Scheidegg<\/li>\n<li style=\"text-align: left;\">Cabane Mont Raimeux<\/li>\n<li style=\"text-align: left;\">Strada Alta Leventina<\/li>\n<\/ul>\n<p><\/td><\/tr><tr class=''><td class=''><\/p>\n<h4 style=\"text-align: left;\"><strong>T2<\/strong><\/h4>\n<p style=\"text-align: left;\">some surefootedness.Trekking shoes are recommended.<\/p>\n<p><\/td><td class=''><\/p>\n<ul>\n<li style=\"text-align: left;\">Bergseeh\u00fctte\/Cabane Bergsee\/Bergsee hut\/Bergseen maja<\/li>\n<li style=\"text-align: left;\">T\u00e4schalp-T\u00e4schh\u00fctte\/Cabane T\u00e4sch\/T\u00e4sch hut\/T\u00e4schin maja<\/li>\n<li style=\"text-align: left;\">Passo Campolungo<\/li>\n<li style=\"text-align: left;\">Ossasco-Capanna Cristallina<\/li>\n<\/ul>\n<p><\/td><\/tr><tr class=''><td class=''><\/p>\n<h4 style=\"text-align: left;\"><strong>T3<\/strong><\/h4>\n<p style=\"text-align: left;\">good surefootedness, good trekking shoes<\/p>\n<p><\/td><td class=''><\/p>\n<ul>\n<li style=\"text-align: left;\">Hoht\u00fcrli<\/li>\n<li style=\"text-align: left;\">Sefinenfurgge<\/li>\n<li style=\"text-align: left;\">Fr\u00fcndenh\u00fctte<\/li>\n<li style=\"text-align: left;\">Grosser Mythen<\/li>\n<li style=\"text-align: left;\">Gotthardpass-Pizzo Centrale<\/li>\n<\/ul>\n<p><\/td><\/tr><tr class=''><td class=''><\/p>\n<h4 style=\"text-align: left;\"><strong>T4<\/strong><\/h4>\n<p style=\"text-align: left;\">Familiarity with exposed terrain. Stable trekking shoes.<\/p>\n<p><\/td><td class=''><\/p>\n<ul>\n<li style=\"text-align: left;\">Dossenh\u00fctte<\/li>\n<li style=\"text-align: left;\">Vorder Gl\u00e4rnisch<\/li>\n<li style=\"text-align: left;\">Steghorn (Leiterli)<\/li>\n<li style=\"text-align: left;\">Piz Terri<\/li>\n<li style=\"text-align: left;\">Pass Casnile Sud<\/li>\n<li style=\"text-align: left;\">Fornoh\u00fctte<\/li>\n<li style=\"text-align: left;\">Mischabelh\u00fctte\/Cabane Mischabel\/Mischabel hut\/Mischabelin maja<\/li>\n<\/ul>\n<p><\/td><\/tr><\/tbody><\/table><\/div><style type='text\/css'>.avia-table-1 td:nth-of-type(1):before { content: '\nStep\n'; } .avia-table-1 td:nth-of-type(2):before { content: '\nExample\n'; } <\/style><br \/>\n<section class='av_textblock_section av-kyn17sep-9dfb9f849d11063b5f74d53cc683c10c ' ><div class='avia_textblock' ><p>\u00a9 deutsch: <a class=\"external-link-new-window\" title=\"Opens external link in new window\" href=\"https:\/\/www.sac-cas.ch\/fileadmin\/Ausbildung_und_Wissen\/Tourenplanung\/Schwierigkeitsskala\/Wanderskala-SAC.pdf\" target=\"_blank\" rel=\"noopener\">Link zu Wanderskala vom SAC<\/a><\/p>\n<\/div><\/section><br \/>\n\n<style type=\"text\/css\" data-created_by=\"avia_inline_auto\" id=\"style-css-av-kyn16f06-03ae968ee047bb0d013ee6a84407d8ae\">\n#top .av-special-heading.av-kyn16f06-03ae968ee047bb0d013ee6a84407d8ae{\npadding-bottom:10px;\n}\nbody .av-special-heading.av-kyn16f06-03ae968ee047bb0d013ee6a84407d8ae .av-special-heading-tag .heading-char{\nfont-size:25px;\n}\n.av-special-heading.av-kyn16f06-03ae968ee047bb0d013ee6a84407d8ae .av-subheading{\nfont-size:15px;\n}\n<\/style>\n<div id='9ac66750eb79abdb88990604172cc201' class='av-special-heading av-kyn16f06-03ae968ee047bb0d013ee6a84407d8ae av-special-heading-h2 blockquote modern-quote avia-builder-el-6 el_after_av_textblock el_before_av_table '><h2 class='av-special-heading-tag ' >Winter<\/h2><div class=\"special-heading-border\"><div class=\"special-heading-inner-border\"><\/div><\/div><\/div><br \/>\n<div class='avia-data-table-wrap av-lqn7fj-bc7242d0ec155ea947a2fe5bbbad1971 avia_responsive_table avia-table-2'><table class='avia-table avia-data-table avia_pricing_default avia-builder-el-7 el_after_av_heading el_before_av_textblock ' ><tbody><tr class='avia-heading-row'><th class=''><\/p>\n<p style=\"text-align: left;\"><strong>Step<\/strong><\/p>\n<p><\/th><th class=''><\/p>\n<p style=\"text-align: left;\"><strong>Example<\/strong><\/p>\n<p><\/th><\/tr><tr class=''><td class=''><\/p>\n<h4 style=\"text-align: left;\"><strong>WT1<\/strong><\/h4>\n<p style=\"text-align: left;\">easy snowshoe hike<\/p>\n<p><\/td><td class=''><\/p>\n<ul>\n<li style=\"text-align: left;\">Buffalora-Jufplaun<\/li>\n<li style=\"text-align: left;\">Goldau-Wildspitz<\/li>\n<li style=\"text-align: left;\">Zettenalp<\/li>\n<li style=\"text-align: left;\">La L\u00e9cherette-Mt. Chevreuil<\/li>\n<li style=\"text-align: left;\">Chasseron<\/li>\n<\/ul>\n<p><\/td><\/tr><tr class=''><td class=''><\/p>\n<h4 style=\"text-align: left;\"><strong>WT2<\/strong><\/h4>\n<p style=\"text-align: left;\">snowshoe hike<\/p>\n<p><\/td><td class=''><\/p>\n<ul>\n<li style=\"text-align: left;\">Val S-charl (Talboden)<\/li>\n<li style=\"text-align: left;\">Parpan-Churer Joch<\/li>\n<li style=\"text-align: left;\">Dreib\u00fcndenstein<\/li>\n<li style=\"text-align: left;\">Realp-Tiefenbach<\/li>\n<li style=\"text-align: left;\">Hundsr\u00fcgg<\/li>\n<li style=\"text-align: left;\">Solalex-Pas de Cheville<\/li>\n<li style=\"text-align: left;\">La D\u00f4le<\/li>\n<li style=\"text-align: left;\">Alpe Casaccio-Campo Solario<\/li>\n<\/ul>\n<p><\/td><\/tr><tr class=''><td class=''><\/p>\n<h4 style=\"text-align: left;\"><strong>WT3<\/strong><\/h4>\n<p style=\"text-align: left;\">challenging snowshoe hike<\/p>\n<p><\/td><td class=''><\/p>\n<ul>\n<li style=\"text-align: left;\">Munt Buffalora<\/li>\n<li style=\"text-align: left;\">Mattjisch Horn<\/li>\n<li style=\"text-align: left;\">Buochserhorn<\/li>\n<li style=\"text-align: left;\">Hengst (Schrattenflue)<\/li>\n<li style=\"text-align: left;\">Turnen<\/li>\n<li style=\"text-align: left;\">B\u00fcrglen<\/li>\n<li style=\"text-align: left;\">Staldhorn<\/li>\n<li style=\"text-align: left;\">Croix de Javerne (N-Grat)<\/li>\n<li style=\"text-align: left;\">Campo Solario-Passo del Sole-Cap. Cadagno<\/li>\n<\/ul>\n<p><\/td><\/tr><\/tbody><\/table><\/div><style type='text\/css'>.avia-table-2 td:nth-of-type(1):before { content: '\nStep\n'; } .avia-table-2 td:nth-of-type(2):before { content: '\nExample\n'; } <\/style><br \/>\n<section class='av_textblock_section av-kyn1978w-a482afa7d7856cf75b1319fac056af03 ' ><div class='avia_textblock' ><p>\u00a9 deutsch: <a class=\"external-link-new-window\" title=\"Opens external link in new window\" href=\"https:\/\/www.sac-cas.ch\/fileadmin\/Ausbildung_und_Wissen\/Tourenplanung\/Schwierigkeitsskala\/Schneeschuhtourenskala-SAC.pdf\" target=\"_blank\" rel=\"noopener\">Link zu Schneeschutourenskala vom SAC<\/a><\/p>\n<\/div><\/section><\/p><\/div>\n","protected":false},"excerpt":{"rendered":"","protected":false},"author":3,"featured_media":0,"parent":0,"menu_order":0,"comment_status":"closed","ping_status":"closed","template":"","meta":{"_acf_changed":false,"footnotes":""},"class_list":["post-2445","page","type-page","status-publish","hentry"],"acf":[],"yoast_head":"<!-- This site is optimized with the Yoast SEO plugin v27.1.1 - https:\/\/yoast.com\/product\/yoast-seo-wordpress\/ -->\n<title>Level of difficulty - Hike<\/title>\n<meta name=\"robots\" content=\"index, follow, max-snippet:-1, max-image-preview:large, max-video-preview:-1\" \/>\n<link rel=\"canonical\" href=\"https:\/\/www.hike.ch\/en\/level-of-difficulty\/\" \/>\n<meta property=\"og:locale\" content=\"en_US\" \/>\n<meta property=\"og:type\" content=\"article\" \/>\n<meta property=\"og:title\" content=\"Level of difficulty - Hike\" \/>\n<meta property=\"og:url\" content=\"https:\/\/www.hike.ch\/en\/level-of-difficulty\/\" \/>\n<meta property=\"og:site_name\" content=\"Hike\" \/>\n<meta property=\"article:modified_time\" content=\"2022-01-20T15:10:24+00:00\" \/>\n<meta name=\"twitter:card\" content=\"summary_large_image\" \/>\n<meta name=\"twitter:label1\" content=\"Est. reading time\" \/>\n\t<meta name=\"twitter:data1\" content=\"3 minutes\" \/>\n<script type=\"application\/ld+json\" class=\"yoast-schema-graph\">{\"@context\":\"https:\/\/schema.org\",\"@graph\":[{\"@type\":\"WebPage\",\"@id\":\"https:\/\/www.hike.ch\/en\/level-of-difficulty\/\",\"url\":\"https:\/\/www.hike.ch\/en\/level-of-difficulty\/\",\"name\":\"Level of difficulty - Hike\",\"isPartOf\":{\"@id\":\"https:\/\/www.hike.ch\/en\/#website\"},\"datePublished\":\"2022-01-20T15:08:37+00:00\",\"dateModified\":\"2022-01-20T15:10:24+00:00\",\"breadcrumb\":{\"@id\":\"https:\/\/www.hike.ch\/en\/level-of-difficulty\/#breadcrumb\"},\"inLanguage\":\"en-US\",\"potentialAction\":[{\"@type\":\"ReadAction\",\"target\":[\"https:\/\/www.hike.ch\/en\/level-of-difficulty\/\"]}]},{\"@type\":\"BreadcrumbList\",\"@id\":\"https:\/\/www.hike.ch\/en\/level-of-difficulty\/#breadcrumb\",\"itemListElement\":[{\"@type\":\"ListItem\",\"position\":1,\"name\":\"Home\",\"item\":\"https:\/\/www.hike.ch\/en\/hike\/\"},{\"@type\":\"ListItem\",\"position\":2,\"name\":\"Level of difficulty\"}]},{\"@type\":\"WebSite\",\"@id\":\"https:\/\/www.hike.ch\/en\/#website\",\"url\":\"https:\/\/www.hike.ch\/en\/\",\"name\":\"Hike\",\"description\":\"\",\"potentialAction\":[{\"@type\":\"SearchAction\",\"target\":{\"@type\":\"EntryPoint\",\"urlTemplate\":\"https:\/\/www.hike.ch\/en\/?s={search_term_string}\"},\"query-input\":{\"@type\":\"PropertyValueSpecification\",\"valueRequired\":true,\"valueName\":\"search_term_string\"}}],\"inLanguage\":\"en-US\"}]}<\/script>\n<!-- \/ Yoast SEO plugin. -->","yoast_head_json":{"title":"Level of difficulty - Hike","robots":{"index":"index","follow":"follow","max-snippet":"max-snippet:-1","max-image-preview":"max-image-preview:large","max-video-preview":"max-video-preview:-1"},"canonical":"https:\/\/www.hike.ch\/en\/level-of-difficulty\/","og_locale":"en_US","og_type":"article","og_title":"Level of difficulty - Hike","og_url":"https:\/\/www.hike.ch\/en\/level-of-difficulty\/","og_site_name":"Hike","article_modified_time":"2022-01-20T15:10:24+00:00","twitter_card":"summary_large_image","twitter_misc":{"Est. reading time":"3 minutes"},"schema":{"@context":"https:\/\/schema.org","@graph":[{"@type":"WebPage","@id":"https:\/\/www.hike.ch\/en\/level-of-difficulty\/","url":"https:\/\/www.hike.ch\/en\/level-of-difficulty\/","name":"Level of difficulty - Hike","isPartOf":{"@id":"https:\/\/www.hike.ch\/en\/#website"},"datePublished":"2022-01-20T15:08:37+00:00","dateModified":"2022-01-20T15:10:24+00:00","breadcrumb":{"@id":"https:\/\/www.hike.ch\/en\/level-of-difficulty\/#breadcrumb"},"inLanguage":"en-US","potentialAction":[{"@type":"ReadAction","target":["https:\/\/www.hike.ch\/en\/level-of-difficulty\/"]}]},{"@type":"BreadcrumbList","@id":"https:\/\/www.hike.ch\/en\/level-of-difficulty\/#breadcrumb","itemListElement":[{"@type":"ListItem","position":1,"name":"Home","item":"https:\/\/www.hike.ch\/en\/hike\/"},{"@type":"ListItem","position":2,"name":"Level of difficulty"}]},{"@type":"WebSite","@id":"https:\/\/www.hike.ch\/en\/#website","url":"https:\/\/www.hike.ch\/en\/","name":"Hike","description":"","potentialAction":[{"@type":"SearchAction","target":{"@type":"EntryPoint","urlTemplate":"https:\/\/www.hike.ch\/en\/?s={search_term_string}"},"query-input":{"@type":"PropertyValueSpecification","valueRequired":true,"valueName":"search_term_string"}}],"inLanguage":"en-US"}]}},"_links":{"self":[{"href":"https:\/\/www.hike.ch\/en\/wp-json\/wp\/v2\/pages\/2445","targetHints":{"allow":["GET"]}}],"collection":[{"href":"https:\/\/www.hike.ch\/en\/wp-json\/wp\/v2\/pages"}],"about":[{"href":"https:\/\/www.hike.ch\/en\/wp-json\/wp\/v2\/types\/page"}],"author":[{"embeddable":true,"href":"https:\/\/www.hike.ch\/en\/wp-json\/wp\/v2\/users\/3"}],"replies":[{"embeddable":true,"href":"https:\/\/www.hike.ch\/en\/wp-json\/wp\/v2\/comments?post=2445"}],"version-history":[{"count":5,"href":"https:\/\/www.hike.ch\/en\/wp-json\/wp\/v2\/pages\/2445\/revisions"}],"predecessor-version":[{"id":2452,"href":"https:\/\/www.hike.ch\/en\/wp-json\/wp\/v2\/pages\/2445\/revisions\/2452"}],"wp:attachment":[{"href":"https:\/\/www.hike.ch\/en\/wp-json\/wp\/v2\/media?parent=2445"}],"curies":[{"name":"wp","href":"https:\/\/api.w.org\/{rel}","templated":true}]}}